{"id":651,"date":"2021-06-18T09:41:24","date_gmt":"2021-06-18T09:41:24","guid":{"rendered":"https:\/\/baguettski.de\/2021\/?page_id=651"},"modified":"2021-09-24T10:47:18","modified_gmt":"2021-09-24T10:47:18","slug":"impressum","status":"publish","type":"page","link":"https:\/\/baguettski.de\/2021\/?page_id=651","title":{"rendered":"Impressum"},"content":{"rendered":"<div class=\"flex_column av_two_third  flex_column_div av-zero-column-padding first  avia-builder-el-0  el_before_av_one_third  avia-builder-el-first  \" style='border-radius:0px; '><section class=\"av_textblock_section \"  itemscope=\"itemscope\" itemtype=\"https:\/\/schema.org\/CreativeWork\" ><div class='avia_textblock  '   itemprop=\"text\" ><p>Thomas J\u00fcngst<br \/>\nWilhemsh\u00f6her Allee 288<br \/>\nD-34131 Kassel<\/p>\n<p>E-Mail: <a href=\"mailto:Thomas.Juengst@web.de\">Thomas.Juengst@web.de<\/a><br \/>\nTel.: 0561-93732010<\/p>\n<p>Umsatzsteuer ID: 90218793645<\/p>\n<p><strong>Urheberrecht<\/strong><br \/>\nDiese Webseiten und deren Inhalte unterliegen dem deutschen Leistungsschutz- und Urheberrecht. Unerlaubte Vervielf\u00e4ltigungen au\u00dferhalb der engen Grenzen des UrhG sind ohne die schriftliche Zustimmung der J\u00fcngst &#8211; Butte GbR verboten.<\/p>\n<p><strong>Internet &#8211; Disclaimer<\/strong><br \/>\nDie Webseiten der J\u00fcngst &#8211; Butte GbR enthalten Querverweise (Links) zu Webseiten anderer Anbieter. Bei der ersten Verkn\u00fcpfung wurde das fremde Angebot auf rechtswidrige Inhalte \u00fcberpr\u00fcft. F\u00fcr fremde Inhalte, die \u00fcber solche Querverweise (Links) erreichbar sind, ist die J\u00fcngst &#8211; Butte GbR nicht verantwortlich. Wenn die J\u00fcngst &#8211; Butte GbR feststellt oder darauf hingewiesen wird, dass ein Angebot rechtswidrigen Inhalt aufweist, wird dieser Querverweis (Link) aufgehoben, soweit dies technisch m\u00f6glich und zumutbar ist.<\/p>\n<p><strong>Download<\/strong><br \/>\nDer Download von Dateien und Dokumenten erfolgt auf eigene Gefahr. Die J\u00fcngst &#8211; Butte GbR haftet nicht f\u00fcr Sch\u00e4den, die aus der Installation oder der Nutzung der heruntergeladenen Dateien und Dokumente erfolgen, soweit dies gesetzlich zul\u00e4ssig ist.<\/p>\n<p>Trotz aktueller Virenpr\u00fcfung ist eine Haftung f\u00fcr Sch\u00e4den und Beeintr\u00e4chtigungen durch Computerviren im Rahmen der gesetzlichen Regelungen ausgeschlossen.<\/p>\n<p><strong>Gew\u00e4hrleistung<\/strong><br \/>\nDie Informationen auf den Internetseiten wurden mit gr\u00f6\u00dfter Sorgfalt erstellt. Die J\u00fcngst &#8211; Butte GbR \u00fcbernimmt jedoch keine Gew\u00e4hr f\u00fcr deren Vollst\u00e4ndigkeit oder Eignung f\u00fcr bestimmte Verwendungszwecke. Die Nutzung der auf den Internetseiten zur Verf\u00fcgung gestellten Inhalte erfolgt auf alleinige Gefahr des Nutzers. F\u00fcr die Datensicherheit \u00fcbernimmt die J\u00fcngst &#8211; Butte GbR keine Haftung.<\/p>\n<p><strong>Markenrechte<\/strong><br \/>\nAlle Rechte an Markennamen und Markenbegriffen, der auf dieser Website genannten Namen und Begriffe, liegen bei den jeweiligen Markeninhabern.<\/p>\n<\/div><\/section><\/div><div class=\"flex_column av_one_third  flex_column_div av-zero-column-padding   avia-builder-el-2  el_after_av_two_third  avia-builder-el-last  \" style='border-radius:0px; '><\/div><\/p>\n","protected":false},"excerpt":{"rendered":"","protected":false},"author":1,"featured_media":0,"parent":0,"menu_order":0,"comment_status":"closed","ping_status":"closed","template":"","meta":{"footnotes":""},"class_list":["post-651","page","type-page","status-publish","hentry"],"_links":{"self":[{"href":"https:\/\/baguettski.de\/2021\/index.php?rest_route=\/wp\/v2\/pages\/651","targetHints":{"allow":["GET"]}}],"collection":[{"href":"https:\/\/baguettski.de\/2021\/index.php?rest_route=\/wp\/v2\/pages"}],"about":[{"href":"https:\/\/baguettski.de\/2021\/index.php?rest_route=\/wp\/v2\/types\/page"}],"author":[{"embeddable":true,"href":"https:\/\/baguettski.de\/2021\/index.php?rest_route=\/wp\/v2\/users\/1"}],"replies":[{"embeddable":true,"href":"https:\/\/baguettski.de\/2021\/index.php?rest_route=%2Fwp%2Fv2%2Fcomments&post=651"}],"version-history":[{"count":3,"href":"https:\/\/baguettski.de\/2021\/index.php?rest_route=\/wp\/v2\/pages\/651\/revisions"}],"predecessor-version":[{"id":1560,"href":"https:\/\/baguettski.de\/2021\/index.php?rest_route=\/wp\/v2\/pages\/651\/revisions\/1560"}],"wp:attachment":[{"href":"https:\/\/baguettski.de\/2021\/index.php?rest_route=%2Fwp%2Fv2%2Fmedia&parent=651"}],"curies":[{"name":"wp","href":"https:\/\/api.w.org\/{rel}","templated":true}]}}