{"id":362,"date":"2014-07-09T15:49:00","date_gmt":"2014-07-09T15:49:00","guid":{"rendered":"http:\/\/192.168.1.104\/restaurant\/?page_id=9"},"modified":"2024-10-15T11:07:38","modified_gmt":"2024-10-15T11:07:38","slug":"welcome","status":"publish","type":"page","link":"https:\/\/baguettski.de\/2021\/","title":{"rendered":"Home"},"content":{"rendered":"<div id='av_section_1'  class='avia-section main_color avia-section-default avia-no-border-styling  avia-full-stretch avia-bg-style-scroll  avia-builder-el-0  el_before_av_layout_row  avia-builder-el-first   av-minimum-height av-minimum-height-75  container_wrap fullsize' style='background-repeat: no-repeat; background-image: url(https:\/\/baguettski.de\/2021\/wp-content\/uploads\/2021\/08\/Aussenansicht_Baguettski_Aquarell_SW.jpg);background-attachment: scroll; background-position: center center;  '  data-section-bg-repeat='stretch' data-av_minimum_height_pc='75'><div class='av-section-color-overlay-wrap'><a href='#next-section' title='' class='scroll-down-link '  aria-hidden='true' data-av_icon='\ue877' data-av_iconfont='entypo-fontello'><\/a><div class='container' ><main  role=\"main\" itemprop=\"mainContentOfPage\"  class='template-page content  av-content-full alpha units'><div class='post-entry post-entry-type-page post-entry-362'><div class='entry-content-wrapper clearfix'>\n<div class=\"flex_column av_two_third  no_margin flex_column_div first  avia-builder-el-1  el_before_av_hr  avia-builder-el-first  \" style='margin-top:0px; margin-bottom:0px; padding:20px 20px 20px 50px ; border-radius:0px; '><div  id=\"logobox\"  class='avia-image-container  av-styling-no-styling    avia-builder-el-2  avia-builder-el-no-sibling  avia-align-left '  itemprop=\"image\" itemscope=\"itemscope\" itemtype=\"https:\/\/schema.org\/ImageObject\"  ><div class='avia-image-container-inner'><div class='avia-image-overlay-wrap'><img decoding=\"async\" class='wp-image-1169 avia-img-lazy-loading-not-1169 avia_image' src=\"https:\/\/baguettski.de\/2021\/wp-content\/uploads\/2021\/09\/logo_baguettski_rot_700.png\" alt='' title='logo_baguettski_rot_700' height=\"166\" width=\"666\"  itemprop=\"thumbnailUrl\" srcset=\"https:\/\/baguettski.de\/2021\/wp-content\/uploads\/2021\/09\/logo_baguettski_rot_700.png 666w, https:\/\/baguettski.de\/2021\/wp-content\/uploads\/2021\/09\/logo_baguettski_rot_700-300x75.png 300w, https:\/\/baguettski.de\/2021\/wp-content\/uploads\/2021\/09\/logo_baguettski_rot_700-600x150.png 600w\" sizes=\"(max-width: 666px) 100vw, 666px\" \/><\/div><\/div><\/div><\/div><div  style=' margin-top:0px; margin-bottom:0px;'  class='hr hr-custom hr-center hr-icon-no   avia-builder-el-3  el_after_av_two_third  el_before_av_one_fourth '><span class='hr-inner  inner-border-av-border-none' style=' width:50px;' ><span class='hr-inner-style'><\/span><\/span><\/div>\n<div class=\"flex_column av_one_fourth  flex_column_div first  avia-builder-el-4  el_after_av_hr  avia-builder-el-last  \" style='padding:20px 0px 0px 0px ; border-radius:0px; ' id=\"wrapphone\" ><p><div  style=' margin-top:50px; margin-bottom:30px;'  class='hr hr-custom hr-center hr-icon-no   avia-builder-el-5  el_before_av_heading  avia-builder-el-first '><span class='hr-inner  inner-border-av-border-none' style=' width:50px;' ><span class='hr-inner-style'><\/span><\/span><\/div><br \/>\n<div  id=\"phonebox\"  style='padding-bottom:10px; margin: 0 0 0 0;color:#c01818;font-size:26px;' class='av-special-heading av-special-heading-h3 custom-color-heading blockquote modern-quote  avia-builder-el-6  el_after_av_hr  el_before_av_button_big  avia-builder-el-last  av-inherit-size '><div class ='av-subheading av-subheading_above av_custom_color ' style='font-size:18px;'><p>\u00d6ffnungszeiten:<br \/>\nT\u00e4glich von 11:00 &#8211; 22:00 Uhr<\/p>\n<\/div><h3 class='av-special-heading-tag '  itemprop=\"headline\"  >0561 93732010<\/h3><div class='special-heading-border'><div class='special-heading-inner-border' style='border-color:#c01818'><\/div><\/div><\/div><br \/>\n<div  class='avia-button-wrap avia-button-center  avia-builder-el-7  el_after_av_heading  avia-builder-el-last ' ><a href='https:\/\/baguettski.de\/2021\/?page_id=1630' class='avia-button avia-button-fullwidth  avia-font-color-theme-color avia-icon_select-yes-right-icon avia-color-theme-color '   ><span class='avia_iconbox_title' >Speisekarte<\/span><span class='avia_button_icon avia_button_icon_right' aria-hidden='true' data-av_icon='\ue87d' data-av_iconfont='entypo-fontello'><\/span><span class='avia_button_background avia-button avia-button-fullwidth avia-color-theme-color-highlight' ><\/span><\/a><\/div><\/p><\/div><\/div><\/div><\/main><!-- close content main element --><\/div><\/div><\/div><div id='av-layout-grid-1'  class='av-layout-grid-container entry-content-wrapper main_color av-flex-cells     avia-builder-el-8  el_after_av_section  el_before_av_section  submenu-not-first container_wrap fullsize' style=' '  >\n<div class=\"flex_cell no_margin av_one_fourth  avia-builder-el-9  el_before_av_cell_one_fourth  avia-builder-el-first   \" ><div class='flex_cell_inner' ><p><article  class=\"iconbox iconbox_top main_color    avia-builder-el-10  el_before_av_image  avia-builder-el-first  \"  itemscope=\"itemscope\" itemtype=\"https:\/\/schema.org\/CreativeWork\" ><div class=\"iconbox_content\"><header class=\"entry-content-header\"><div class=\"iconbox_icon heading-color\" aria-hidden='true' data-av_icon='\ue873' data-av_iconfont='entypo-fontello'  ><\/div><h3 class='iconbox_content_title subtitle '  itemprop=\"headline\"   style='font-size:20px; '>Das Baguette <\/h3><\/header><div class='iconbox_content_container  '  itemprop=\"text\"   style='font-size:16px; '><p>Immer knusprig und lecker<\/p>\n<\/div><\/div><footer class=\"entry-footer\"><\/footer><\/article><br \/>\n<div  class='avia-image-container avia_animated_image avia_animate_when_almost_visible pop-up av-styling-  noHover  av-overlay-on-hover   avia-builder-el-11  el_after_av_icon_box  avia-builder-el-last  avia-align-center '  itemprop=\"image\" itemscope=\"itemscope\" itemtype=\"https:\/\/schema.org\/ImageObject\"  ><div class='avia-image-container-inner'><div class='avia-image-overlay-wrap'><a href=\"https:\/\/baguettski.de\/2021\/?page_id=1630\" class='avia_image' ><div class='av-image-caption-overlay'><div class='av-caption-image-overlay-bg' style='opacity:0.6; background-color:#541611; '><\/div><div class='av-image-caption-overlay-position'><div class='av-image-caption-overlay-center' style='color:#ffffff; font-size:30px; '><p>Zur Auswahl<\/p>\n<\/div><\/div><\/div><img decoding=\"async\" width=\"495\" height=\"400\" class='wp-image-1213 avia-img-lazy-loading-not-1213 avia_image' src=\"https:\/\/baguettski.de\/2021\/wp-content\/uploads\/2021\/09\/Baguette_154903_zoom-495x400.jpg\" alt='' title='Baguette_154903_zoom'  itemprop=\"thumbnailUrl\" srcset=\"https:\/\/baguettski.de\/2021\/wp-content\/uploads\/2021\/09\/Baguette_154903_zoom-495x400.jpg 495w, https:\/\/baguettski.de\/2021\/wp-content\/uploads\/2021\/09\/Baguette_154903_zoom-845x684.jpg 845w\" sizes=\"(max-width: 495px) 100vw, 495px\" \/><\/a><\/div><\/div><\/div><\/p>\n<\/div><\/div><div class=\"flex_cell no_margin av_one_fourth  avia-builder-el-12  el_after_av_cell_one_fourth  el_before_av_cell_one_fourth   \" ><div class='flex_cell_inner' ><p><article  class=\"iconbox iconbox_top main_color    avia-builder-el-13  el_before_av_image  avia-builder-el-first  \"  itemscope=\"itemscope\" itemtype=\"https:\/\/schema.org\/CreativeWork\" ><div class=\"iconbox_content\"><header class=\"entry-content-header\"><div class=\"iconbox_icon heading-color\" aria-hidden='true' data-av_icon='\ue873' data-av_iconfont='entypo-fontello'  ><\/div><h3 class='iconbox_content_title subtitle '  itemprop=\"headline\"   style='font-size:20px; '>Frische Salate<\/h3><\/header><div class='iconbox_content_container  '  itemprop=\"text\"   style='font-size:16px; '><p>Vitamine pur<\/p>\n<\/div><\/div><footer class=\"entry-footer\"><\/footer><\/article><br \/>\n<div  class='avia-image-container avia_animated_image avia_animate_when_almost_visible pop-up av-styling-  noHover  av-overlay-on-hover   avia-builder-el-14  el_after_av_icon_box  avia-builder-el-last  avia-align-center '  itemprop=\"image\" itemscope=\"itemscope\" itemtype=\"https:\/\/schema.org\/ImageObject\"  ><div class='avia-image-container-inner'><div class='avia-image-overlay-wrap'><a href=\"https:\/\/baguettski.de\/2021\/?page_id=1630\" class='avia_image' ><div class='av-image-caption-overlay'><div class='av-caption-image-overlay-bg' style='opacity:0.6; background-color:#541611; '><\/div><div class='av-image-caption-overlay-position'><div class='av-image-caption-overlay-center' style='color:#ffffff; font-size:30px; '><p>Zur Auswahl<\/p>\n<\/div><\/div><\/div><img decoding=\"async\" width=\"495\" height=\"400\" class='wp-image-1207 avia-img-lazy-loading-not-1207 avia_image' src=\"https:\/\/baguettski.de\/2021\/wp-content\/uploads\/2021\/09\/Salat_150821-495x400.jpg\" alt='' title='Salat_150821'  itemprop=\"thumbnailUrl\" srcset=\"https:\/\/baguettski.de\/2021\/wp-content\/uploads\/2021\/09\/Salat_150821-495x400.jpg 495w, https:\/\/baguettski.de\/2021\/wp-content\/uploads\/2021\/09\/Salat_150821-845x684.jpg 845w\" sizes=\"(max-width: 495px) 100vw, 495px\" \/><\/a><\/div><\/div><\/div><\/p>\n<\/div><\/div><div class=\"flex_cell no_margin av_one_fourth  avia-builder-el-15  el_after_av_cell_one_fourth  el_before_av_cell_one_fourth   \" ><div class='flex_cell_inner' ><p><article  class=\"iconbox iconbox_top main_color    avia-builder-el-16  el_before_av_image  avia-builder-el-first  \"  itemscope=\"itemscope\" itemtype=\"https:\/\/schema.org\/CreativeWork\" ><div class=\"iconbox_content\"><header class=\"entry-content-header\"><div class=\"iconbox_icon heading-color\" aria-hidden='true' data-av_icon='\ue873' data-av_iconfont='entypo-fontello'  ><\/div><h3 class='iconbox_content_title subtitle '  itemprop=\"headline\"   style='font-size:20px; '>Cremiges Joghurteis<\/h3><\/header><div class='iconbox_content_container  '  itemprop=\"text\"   style='font-size:16px; '><p>Erfrischend cremig<\/p>\n<\/div><\/div><footer class=\"entry-footer\"><\/footer><\/article><br \/>\n<div  class='avia-image-container avia_animated_image avia_animate_when_almost_visible pop-up av-styling-  noHover  av-overlay-on-hover   avia-builder-el-17  el_after_av_icon_box  avia-builder-el-last  avia-align-center '  itemprop=\"image\" itemscope=\"itemscope\" itemtype=\"https:\/\/schema.org\/ImageObject\"  ><div class='avia-image-container-inner'><div class='avia-image-overlay-wrap'><a href=\"https:\/\/baguettski.de\/2021\/?page_id=1630\" class='avia_image' ><div class='av-image-caption-overlay'><div class='av-caption-image-overlay-bg' style='opacity:0.6; background-color:#541611; '><\/div><div class='av-image-caption-overlay-position'><div class='av-image-caption-overlay-center' style='color:#ffffff; font-size:30px; '><p>Zur Auswahl<\/p>\n<\/div><\/div><\/div><img decoding=\"async\" width=\"495\" height=\"400\" class='wp-image-1204 avia-img-lazy-loading-not-1204 avia_image' src=\"https:\/\/baguettski.de\/2021\/wp-content\/uploads\/2021\/09\/Himbeereis-495x400.jpg\" alt='' title='Himbeereis'  itemprop=\"thumbnailUrl\" srcset=\"https:\/\/baguettski.de\/2021\/wp-content\/uploads\/2021\/09\/Himbeereis-495x400.jpg 495w, https:\/\/baguettski.de\/2021\/wp-content\/uploads\/2021\/09\/Himbeereis-845x684.jpg 845w\" sizes=\"(max-width: 495px) 100vw, 495px\" \/><\/a><\/div><\/div><\/div><\/p>\n<\/div><\/div><div class=\"flex_cell no_margin av_one_fourth  avia-builder-el-18  el_after_av_cell_one_fourth  avia-builder-el-last   \" ><div class='flex_cell_inner' ><p><article  class=\"iconbox iconbox_top main_color    avia-builder-el-19  el_before_av_image  avia-builder-el-first  \"  itemscope=\"itemscope\" itemtype=\"https:\/\/schema.org\/CreativeWork\" ><div class=\"iconbox_content\"><header class=\"entry-content-header\"><div class=\"iconbox_icon heading-color\" aria-hidden='true' data-av_icon='\ue873' data-av_iconfont='entypo-fontello'  ><\/div><h3 class='iconbox_content_title subtitle '  itemprop=\"headline\"   style='font-size:20px; '>Getr\u00e4nke<\/h3><\/header><div class='iconbox_content_container  '  itemprop=\"text\"   style='font-size:16px; '><p>Hei\u00df oder Kalt<\/p>\n<\/div><\/div><footer class=\"entry-footer\"><\/footer><\/article><br \/>\n<div  class='avia-image-container avia_animated_image avia_animate_when_almost_visible pop-up av-styling-  noHover  av-overlay-on-hover   avia-builder-el-20  el_after_av_icon_box  avia-builder-el-last  avia-align-center '  itemprop=\"image\" itemscope=\"itemscope\" itemtype=\"https:\/\/schema.org\/ImageObject\"  ><div class='avia-image-container-inner'><div class='avia-image-overlay-wrap'><a href=\"https:\/\/baguettski.de\/2021\/?page_id=1630\" class='avia_image' ><div class='av-image-caption-overlay'><div class='av-caption-image-overlay-bg' style='opacity:0.6; background-color:#541611; '><\/div><div class='av-image-caption-overlay-position'><div class='av-image-caption-overlay-center' style='color:#ffffff; font-size:30px; '><p>Zur Auswahl<\/p>\n<\/div><\/div><\/div><img decoding=\"async\" width=\"495\" height=\"400\" class='wp-image-1973 avia-img-lazy-loading-not-1973 avia_image' src=\"https:\/\/baguettski.de\/2021\/wp-content\/uploads\/2021\/10\/Lattemacciato_173224-495x400.jpg\" alt='' title='Lattemacciato_173224'  itemprop=\"thumbnailUrl\" srcset=\"https:\/\/baguettski.de\/2021\/wp-content\/uploads\/2021\/10\/Lattemacciato_173224-495x400.jpg 495w, https:\/\/baguettski.de\/2021\/wp-content\/uploads\/2021\/10\/Lattemacciato_173224-845x684.jpg 845w\" sizes=\"(max-width: 495px) 100vw, 495px\" \/><\/a><\/div><\/div><\/div><\/p>\n<\/div><\/div>\n<\/div><\/p>\n<div id='av_section_2'  class='avia-section main_color avia-section-default avia-no-border-styling  avia-bg-style-scroll  avia-builder-el-21  el_after_av_layout_row  avia-builder-el-last   container_wrap fullsize' style='background-color: #efefef;  '  ><div class='av-section-color-overlay-wrap'><a href='#next-section' title='' class='scroll-down-link '  aria-hidden='true' data-av_icon='\ue877' data-av_iconfont='entypo-fontello'><\/a><div class='container' ><div class='template-page content  av-content-full alpha units'><div class='post-entry post-entry-type-page post-entry-362'><div class='entry-content-wrapper clearfix'>\n<div class=\"flex_column av_three_fifth  no_margin flex_column_div first  avia-builder-el-22  el_before_av_two_fifth  avia-builder-el-first  \" style='margin-top:10px; margin-bottom:30px; padding:30px; border-radius:0px; '><p><div  style='padding-bottom:0px; font-size:35px;' class='av-special-heading av-special-heading-h1 custom-color-heading blockquote modern-quote  avia-builder-el-23  el_before_av_textblock  avia-builder-el-first  av-thin-font av-inherit-size '><h1 class='av-special-heading-tag '  itemprop=\"headline\"  >Willkommen<br \/> bei <strong>Baguettski <\/strong> in Kassel Wilhelmsh\u00f6he<\/h1><div class='special-heading-border'><div class='special-heading-inner-border' ><\/div><\/div><\/div><br \/>\n<section class=\"av_textblock_section \"  itemscope=\"itemscope\" itemtype=\"https:\/\/schema.org\/CreativeWork\" ><div class='avia_textblock  av_inherit_color '  style='font-size:18px; '  itemprop=\"text\" ><p>Sie wollen schnell etwas essen,\u00a0es soll richtig gut schmecken und frisch zubereitet sein?<br \/>\nDeshalb gibt es Baguettski, die erste Baguetterie in Kassel.<\/p>\n<blockquote>\n<p>Das Original seit 1991<\/p>\n<\/blockquote>\n<p>Seit 1991 verbindet BAGUETTSKI hochwertige Produkte mit den guten, praktischen Seiten des schnellen Genusses.<\/p>\n<p>Unsere ofenfrischen Baguettes, Salate und hausgemachten Saucen werden t\u00e4glich\u00a0mit Zutaten\u00a0von\u00a0bester Qualit\u00e4t\u00a0frisch f\u00fcr Sie zubereitet.<\/p>\n<p>Genie\u00dfen k\u00f6nnen Sie Ihr Lieblingsbaguette in einer lockeren Atmosph\u00e4re\u00a0mit warmer Farbgebung, gem\u00fctlichen Sitzgruppen sowie gro\u00dfen Eichenholztischen, die\u00a0zum netten Gespr\u00e4ch mit Freunden oder Kollegen\u00a0einladen.<\/p>\n<p>G\u00f6nnen Sie sich auf unserer Terrasse\u00a0\u00a0mit Blick auf den Herkules\u00a0eine kurze Pause von der Hektik des Alltags. Genie\u00dfen Sie einen unserer beliebten Salate oder eine Tasse Kaffee mit dem vielleicht besten Joghurt-Eis der Stadt.<\/p>\n<p>Und das alles zu absolut fairen Preisen!<\/p>\n<p>Wir danken Ihnen f\u00fcr das Vertrauen, das\u00a0\u00a0Sie uns bis zum heutigen Tage geschenkt haben und freuen uns auf Ihren Besuch.<\/p>\n<p>Ihr Baguettski Team<\/p>\n<\/div><\/section><br \/>\n<div  style=' margin-top:30px; margin-bottom:30px;'  class='hr hr-custom hr-center hr-icon-no   avia-builder-el-25  el_after_av_textblock  avia-builder-el-last '><span class='hr-inner  inner-border-av-border-none' style=' width:50px;' ><span class='hr-inner-style'><\/span><\/span><\/div><\/p><\/div><div class=\"flex_column av_two_fifth  no_margin flex_column_div av-zero-column-padding   avia-builder-el-26  el_after_av_three_fifth  avia-builder-el-last  \" style='margin-top:10px; margin-bottom:30px; background: #ffffff; background-color:#ffffff; border-radius:1px; '><div  class='avia-image-container  av-styling-    avia-builder-el-27  avia-builder-el-no-sibling  avia-align-center '  itemprop=\"image\" itemscope=\"itemscope\" itemtype=\"https:\/\/schema.org\/ImageObject\"  ><div class='avia-image-container-inner'><div class='avia-image-overlay-wrap'><img decoding=\"async\" class='wp-image-1491 avia-img-lazy-loading-not-1491 avia_image' src=\"https:\/\/baguettski.de\/2021\/wp-content\/uploads\/2021\/09\/Gast_01_quad.jpg\" alt='' title='Gast_01_quad' height=\"1046\" width=\"1074\"  itemprop=\"thumbnailUrl\" srcset=\"https:\/\/baguettski.de\/2021\/wp-content\/uploads\/2021\/09\/Gast_01_quad.jpg 1074w, https:\/\/baguettski.de\/2021\/wp-content\/uploads\/2021\/09\/Gast_01_quad-300x292.jpg 300w, https:\/\/baguettski.de\/2021\/wp-content\/uploads\/2021\/09\/Gast_01_quad-1030x1003.jpg 1030w, https:\/\/baguettski.de\/2021\/wp-content\/uploads\/2021\/09\/Gast_01_quad-768x748.jpg 768w, https:\/\/baguettski.de\/2021\/wp-content\/uploads\/2021\/09\/Gast_01_quad-36x36.jpg 36w, https:\/\/baguettski.de\/2021\/wp-content\/uploads\/2021\/09\/Gast_01_quad-705x687.jpg 705w, https:\/\/baguettski.de\/2021\/wp-content\/uploads\/2021\/09\/Gast_01_quad-600x584.jpg 600w\" sizes=\"(max-width: 1074px) 100vw, 1074px\" \/><\/div><\/div><\/div><\/div>\n\n","protected":false},"excerpt":{"rendered":"","protected":false},"author":1,"featured_media":0,"parent":0,"menu_order":0,"comment_status":"open","ping_status":"open","template":"","meta":{"footnotes":""},"class_list":["post-362","page","type-page","status-publish","hentry"],"_links":{"self":[{"href":"https:\/\/baguettski.de\/2021\/index.php?rest_route=\/wp\/v2\/pages\/362","targetHints":{"allow":["GET"]}}],"collection":[{"href":"https:\/\/baguettski.de\/2021\/index.php?rest_route=\/wp\/v2\/pages"}],"about":[{"href":"https:\/\/baguettski.de\/2021\/index.php?rest_route=\/wp\/v2\/types\/page"}],"author":[{"embeddable":true,"href":"https:\/\/baguettski.de\/2021\/index.php?rest_route=\/wp\/v2\/users\/1"}],"replies":[{"embeddable":true,"href":"https:\/\/baguettski.de\/2021\/index.php?rest_route=%2Fwp%2Fv2%2Fcomments&post=362"}],"version-history":[{"count":408,"href":"https:\/\/baguettski.de\/2021\/index.php?rest_route=\/wp\/v2\/pages\/362\/revisions"}],"predecessor-version":[{"id":2162,"href":"https:\/\/baguettski.de\/2021\/index.php?rest_route=\/wp\/v2\/pages\/362\/revisions\/2162"}],"wp:attachment":[{"href":"https:\/\/baguettski.de\/2021\/index.php?rest_route=%2Fwp%2Fv2%2Fmedia&parent=362"}],"curies":[{"name":"wp","href":"https:\/\/api.w.org\/{rel}","templated":true}]}}