{"id":1794,"date":"2021-10-07T08:48:54","date_gmt":"2021-10-07T08:48:54","guid":{"rendered":"https:\/\/baguettski.de\/2021\/?page_id=1794"},"modified":"2021-10-13T10:24:39","modified_gmt":"2021-10-13T10:24:39","slug":"stellenangebote","status":"publish","type":"page","link":"https:\/\/baguettski.de\/2021\/?page_id=1794","title":{"rendered":"Jobs"},"content":{"rendered":"<div id='av_section_1'  class='avia-section main_color avia-section-default avia-no-border-styling  avia-full-stretch avia-bg-style-scroll  avia-builder-el-0  el_before_av_one_fifth  avia-builder-el-first   av-minimum-height av-minimum-height-50  container_wrap fullsize' style='background-repeat: no-repeat; background-image: url(https:\/\/baguettski.de\/2021\/wp-content\/uploads\/2021\/10\/Restaurant_163446_auss.jpg);background-attachment: scroll; background-position: center center;  '  data-section-bg-repeat='stretch' data-av_minimum_height_pc='50'><div class='container' ><main  role=\"main\" itemprop=\"mainContentOfPage\"  class='template-page content  av-content-full alpha units'><div class='post-entry post-entry-type-page post-entry-1794'><div class='entry-content-wrapper clearfix'><\/div><\/div><\/main><!-- close content main element --><\/div><\/div><div id='after_section_1'  class='main_color av_default_container_wrap container_wrap fullsize' style=' '  ><div class='container' ><div class='template-page content  av-content-full alpha units'><div class='post-entry post-entry-type-page post-entry-1794'><div class='entry-content-wrapper clearfix'>\n<div class=\"flex_column av_one_fifth  flex_column_div av-zero-column-padding first  avia-builder-el-1  el_after_av_section  el_before_av_three_fifth  avia-builder-el-first  \" style='border-radius:0px; '><\/div>\n<div class=\"flex_column av_three_fifth  flex_column_div av-zero-column-padding   avia-builder-el-2  el_after_av_one_fifth  el_before_av_one_fifth  \" style='border-radius:0px; '><p><div  style='padding-bottom:10px; ' class='av-special-heading av-special-heading-h1  blockquote modern-quote  avia-builder-el-3  el_before_av_textblock  avia-builder-el-first  av-thin-font '><h1 class='av-special-heading-tag '  itemprop=\"headline\"  ><strong>JOBS <\/strong>BEI BAGUETTSKI<\/h1><div class='special-heading-border'><div class='special-heading-inner-border' ><\/div><\/div><\/div><br \/>\n<section class=\"av_textblock_section \"  itemscope=\"itemscope\" itemtype=\"https:\/\/schema.org\/CreativeWork\" ><div class='avia_textblock  '  style='font-size:16px; '  itemprop=\"text\" ><h3>Sie suchen eine neue Herausforderung?<\/h3>\n<p>Ganz gleich ob sie einen Nebenjob suchen, in Vollzeit oder Teilzeit bei uns einsteigen wollen, bei Baguettski finden Sie einen abwechslungsreichen Job, der zu Ihnen passt.<\/p>\n<p><strong>Was bringen sie mit:<\/strong><\/p>\n<ul>\n<li>Spa\u00df am Umgang mit Lebensmitteln.<\/li>\n<li>Teamgeist, Ehrlichkeit, Flei\u00df und Zuverl\u00e4ssigkeit geh\u00f6ren zu ihren St\u00e4rken.<\/li>\n<li>Gastronomischer Hintergrund w\u00e4re von Vorteil, ist aber nicht zwingend n\u00f6tig.<\/li>\n<\/ul>\n<p><strong>Ihre Aufgaben:<\/strong><\/p>\n<ul>\n<li>Zubereitung von Kaffeespezialit\u00e4ten und anderen Getr\u00e4nken.<\/li>\n<li>Zubereitung und anrichten unserer leckeren Salate, und Baguettes, sowie anderer Speisen.<\/li>\n<li>Kassent\u00e4tigkeit und Umsetzung bzw. Einhaltung der Baguettski -Standards, sowie freundlicher und zuvorkommender G\u00e4stekontakt.<\/li>\n<\/ul>\n<p><strong>Haben wir Ihr Interesse geweckt?<\/strong><br \/>\nBewerbungen k\u00f6nnen Sie gerne per Mail an <a href=\"mailto:info@baguettski.de\"><strong>info@baguettski.de<\/strong><\/a> senden.<br \/>\nOder Sie rufen an. Unter <strong>0561 93732010<\/strong> vereinbaren Sie ganz einfach einen Vorstellungstermin mit uns.<\/p>\n<p>Wir freuen uns von Ihnen zu h\u00f6ren oder zu lesen.<\/p>\n<p><strong>Erst einmal probieren?<\/strong><br \/>\nGerne k\u00f6nnen Sie ein paar Tage unverbindlich in unserem Restaurant ihren zuk\u00fcnftigen Beruf kennenlernen!<\/p>\n<p>Ihr Baguettski Team<\/p>\n<\/div><\/section><\/p><\/div><div class=\"flex_column av_one_fifth  flex_column_div av-zero-column-padding   avia-builder-el-5  el_after_av_three_fifth  avia-builder-el-last  \" style='border-radius:0px; '><\/div><\/p>\n","protected":false},"excerpt":{"rendered":"","protected":false},"author":1,"featured_media":0,"parent":0,"menu_order":0,"comment_status":"closed","ping_status":"closed","template":"","meta":{"footnotes":""},"class_list":["post-1794","page","type-page","status-publish","hentry"],"_links":{"self":[{"href":"https:\/\/baguettski.de\/2021\/index.php?rest_route=\/wp\/v2\/pages\/1794","targetHints":{"allow":["GET"]}}],"collection":[{"href":"https:\/\/baguettski.de\/2021\/index.php?rest_route=\/wp\/v2\/pages"}],"about":[{"href":"https:\/\/baguettski.de\/2021\/index.php?rest_route=\/wp\/v2\/types\/page"}],"author":[{"embeddable":true,"href":"https:\/\/baguettski.de\/2021\/index.php?rest_route=\/wp\/v2\/users\/1"}],"replies":[{"embeddable":true,"href":"https:\/\/baguettski.de\/2021\/index.php?rest_route=%2Fwp%2Fv2%2Fcomments&post=1794"}],"version-history":[{"count":26,"href":"https:\/\/baguettski.de\/2021\/index.php?rest_route=\/wp\/v2\/pages\/1794\/revisions"}],"predecessor-version":[{"id":2037,"href":"https:\/\/baguettski.de\/2021\/index.php?rest_route=\/wp\/v2\/pages\/1794\/revisions\/2037"}],"wp:attachment":[{"href":"https:\/\/baguettski.de\/2021\/index.php?rest_route=%2Fwp%2Fv2%2Fmedia&parent=1794"}],"curies":[{"name":"wp","href":"https:\/\/api.w.org\/{rel}","templated":true}]}}